{"id":286,"date":"2023-04-18T14:11:21","date_gmt":"2023-04-18T12:11:21","guid":{"rendered":"https:\/\/mauxka.eus\/eramateko\/"},"modified":"2026-01-23T14:39:17","modified_gmt":"2026-01-23T12:39:17","slug":"comida-para-llevar-onati","status":"publish","type":"page","link":"https:\/\/mauxka.eus\/es\/comida-para-llevar-onati\/","title":{"rendered":"Para llevar"},"content":{"rendered":"<img loading=\"lazy\" decoding=\"async\" class=\"size-medium wp-image-45 aligncenter\" src=\"https:\/\/mauxka.eus\/wp-content\/uploads\/2023\/04\/bolsa-300x300.png\" alt=\"eramateko poltsaren ikono-irudia\" width=\"300\" height=\"300\" srcset=\"https:\/\/mauxka.eus\/wp-content\/uploads\/2023\/04\/bolsa-300x300.png 300w, https:\/\/mauxka.eus\/wp-content\/uploads\/2023\/04\/bolsa-150x150.png 150w, https:\/\/mauxka.eus\/wp-content\/uploads\/2023\/04\/bolsa-500x500.png 500w, https:\/\/mauxka.eus\/wp-content\/uploads\/2023\/04\/bolsa.png 512w\" sizes=\"auto, (max-width: 300px) 100vw, 300px\" \/>\n<p class=\"lead\">La oferta de Mauxka la pod\u00e9is llevar a casa<br \/>\nSe puede elegir entre el men\u00fa del d\u00eda, el men\u00fa fin de semana \u00f3 de la carta (mauxkados).<\/p>\n<h2 class=\"h3\"><span class=\"info-es\">Men\u00fa del d\u00eda:<\/h2>\n<p><span class=\"wHYlTd z8gr9e\">Dos platos: 14\u20ac<\/span><\/p>\n<p><span class=\"wHYlTd z8gr9e\">Un plato:10\u20ac<\/span><\/p>\n<h2 class=\"h3\"><span class=\"info-es\">Men\u00fa de Fin de Semana:<\/h2>\n<p>Dos platos: 22\u20ac<\/p>\n<p>Un plato: 14\u20ac<\/p>\n<h2 class=\"h3\"><span class=\"info-es\">Entsaladas 12\u20ac:<\/h2>\n<p><span style=\"color: #826203;\">POKE:<\/span> arroz, salm\u00f3n, aguacate<\/p>\n<p><span style=\"color: #826203;\">AMALURRA:<\/span> pollo, jam\u00f3n, queso<\/p>\n<p><span style=\"color: #826203;\">ITSASOA:<\/span> bacailao, at\u00fan, anchoa<\/p>\n<p><span style=\"color: #826203;\">VEGETARIANO:<\/span> queso, aguacate, tortilla<\/p>\n<p><span style=\"color: #826203;\">VEGANO:<\/span> aguacate, manzana, arroz<\/p>\n<div class=\"harremana-link\"><a class=\"btn btn-primary\" title=\"menuak karta \" href=\"https:\/\/mauxka.eus\/karta-eta-menuak\/\" target=\"_blank\" rel=\"noopener\">Opciones del men\u00fa<\/a><\/div>\n","protected":false},"excerpt":{"rendered":"<p>La oferta de Mauxka la pod\u00e9is llevar a casa Se puede elegir entre el men\u00fa del d\u00eda, el men\u00fa fin de semana \u00f3 de la carta (mauxkados). Men\u00fa del d\u00eda: Dos platos: 14\u20ac Un plato:10\u20ac Men\u00fa de Fin de Semana: Dos platos: 22\u20ac Un plato: 14\u20ac Entsaladas 12\u20ac: POKE: arroz, salm\u00f3n, aguacate AMALURRA: pollo, jam\u00f3n, [&hellip;]<\/p>\n","protected":false},"author":1,"featured_media":316,"parent":0,"menu_order":0,"comment_status":"closed","ping_status":"closed","template":"template-eramateko.php","meta":{"_acf_changed":false,"footnotes":""},"class_list":["post-286","page","type-page","status-publish","has-post-thumbnail","hentry"],"acf":[],"yoast_head":"<!-- This site is optimized with the Yoast SEO plugin v26.8 - https:\/\/yoast.com\/product\/yoast-seo-wordpress\/ -->\n<title>Comida para llevar, producto local - Mauxka Jatetxea - O\u00f1ati<\/title>\n<meta name=\"description\" content=\"La mayor\u00eda de nuestros platos son cercanos, de temporada y hechos de manera responsable. Siendo la materia prima estacional y ecol\u00f3gica.\" \/>\n<meta name=\"robots\" content=\"index, follow, max-snippet:-1, max-image-preview:large, max-video-preview:-1\" \/>\n<link rel=\"canonical\" href=\"https:\/\/mauxka.eus\/es\/comida-para-llevar-onati\/\" \/>\n<meta property=\"og:locale\" content=\"es_ES\" \/>\n<meta property=\"og:type\" content=\"article\" \/>\n<meta property=\"og:title\" content=\"Comida para llevar, producto local - Mauxka Jatetxea - O\u00f1ati\" \/>\n<meta property=\"og:description\" content=\"La mayor\u00eda de nuestros platos son cercanos, de temporada y hechos de manera responsable. Siendo la materia prima estacional y ecol\u00f3gica.\" \/>\n<meta property=\"og:url\" content=\"https:\/\/mauxka.eus\/es\/comida-para-llevar-onati\/\" \/>\n<meta property=\"og:site_name\" content=\"Mauxka Jatetxea\" \/>\n<meta property=\"article:modified_time\" content=\"2026-01-23T12:39:17+00:00\" \/>\n<meta property=\"og:image\" content=\"https:\/\/mauxka.eus\/wp-content\/uploads\/2023\/06\/eramateko-imagen.jpg\" \/>\n\t<meta property=\"og:image:width\" content=\"1080\" \/>\n\t<meta property=\"og:image:height\" content=\"1080\" \/>\n\t<meta property=\"og:image:type\" content=\"image\/jpeg\" \/>\n<meta name=\"twitter:card\" content=\"summary_large_image\" \/>\n<meta name=\"twitter:label1\" content=\"Tiempo de lectura\" \/>\n\t<meta name=\"twitter:data1\" content=\"1 minuto\" \/>\n<script type=\"application\/ld+json\" class=\"yoast-schema-graph\">{\"@context\":\"https:\/\/schema.org\",\"@graph\":[{\"@type\":\"WebPage\",\"@id\":\"https:\/\/mauxka.eus\/es\/comida-para-llevar-onati\/\",\"url\":\"https:\/\/mauxka.eus\/es\/comida-para-llevar-onati\/\",\"name\":\"Comida para llevar, producto local - Mauxka Jatetxea - O\u00f1ati\",\"isPartOf\":{\"@id\":\"https:\/\/mauxka.eus\/es\/#website\"},\"primaryImageOfPage\":{\"@id\":\"https:\/\/mauxka.eus\/es\/comida-para-llevar-onati\/#primaryimage\"},\"image\":{\"@id\":\"https:\/\/mauxka.eus\/es\/comida-para-llevar-onati\/#primaryimage\"},\"thumbnailUrl\":\"https:\/\/mauxka.eus\/wp-content\/uploads\/2023\/06\/eramateko-imagen.jpg\",\"datePublished\":\"2023-04-18T12:11:21+00:00\",\"dateModified\":\"2026-01-23T12:39:17+00:00\",\"description\":\"La mayor\u00eda de nuestros platos son cercanos, de temporada y hechos de manera responsable. Siendo la materia prima estacional y ecol\u00f3gica.\",\"breadcrumb\":{\"@id\":\"https:\/\/mauxka.eus\/es\/comida-para-llevar-onati\/#breadcrumb\"},\"inLanguage\":\"es\",\"potentialAction\":[{\"@type\":\"ReadAction\",\"target\":[\"https:\/\/mauxka.eus\/es\/comida-para-llevar-onati\/\"]}]},{\"@type\":\"ImageObject\",\"inLanguage\":\"es\",\"@id\":\"https:\/\/mauxka.eus\/es\/comida-para-llevar-onati\/#primaryimage\",\"url\":\"https:\/\/mauxka.eus\/wp-content\/uploads\/2023\/06\/eramateko-imagen.jpg\",\"contentUrl\":\"https:\/\/mauxka.eus\/wp-content\/uploads\/2023\/06\/eramateko-imagen.jpg\",\"width\":1080,\"height\":1080},{\"@type\":\"BreadcrumbList\",\"@id\":\"https:\/\/mauxka.eus\/es\/comida-para-llevar-onati\/#breadcrumb\",\"itemListElement\":[{\"@type\":\"ListItem\",\"position\":1,\"name\":\"Home\",\"item\":\"https:\/\/mauxka.eus\/es\/\"},{\"@type\":\"ListItem\",\"position\":2,\"name\":\"Para llevar\"}]},{\"@type\":\"WebSite\",\"@id\":\"https:\/\/mauxka.eus\/es\/#website\",\"url\":\"https:\/\/mauxka.eus\/es\/\",\"name\":\"Mauxka Jatetxea\",\"description\":\"\",\"publisher\":{\"@id\":\"https:\/\/mauxka.eus\/es\/#organization\"},\"potentialAction\":[{\"@type\":\"SearchAction\",\"target\":{\"@type\":\"EntryPoint\",\"urlTemplate\":\"https:\/\/mauxka.eus\/es\/?s={search_term_string}\"},\"query-input\":{\"@type\":\"PropertyValueSpecification\",\"valueRequired\":true,\"valueName\":\"search_term_string\"}}],\"inLanguage\":\"es\"},{\"@type\":\"Organization\",\"@id\":\"https:\/\/mauxka.eus\/es\/#organization\",\"name\":\"Mauxka Jatetxea\",\"url\":\"https:\/\/mauxka.eus\/es\/\",\"logo\":{\"@type\":\"ImageObject\",\"inLanguage\":\"es\",\"@id\":\"https:\/\/mauxka.eus\/es\/#\/schema\/logo\/image\/\",\"url\":\"https:\/\/mauxka.eus\/wp-content\/uploads\/2023\/04\/mauxka-logoa_osoa.png\",\"contentUrl\":\"https:\/\/mauxka.eus\/wp-content\/uploads\/2023\/04\/mauxka-logoa_osoa.png\",\"width\":502,\"height\":306,\"caption\":\"Mauxka Jatetxea\"},\"image\":{\"@id\":\"https:\/\/mauxka.eus\/es\/#\/schema\/logo\/image\/\"}}]}<\/script>\n<!-- \/ Yoast SEO plugin. -->","yoast_head_json":{"title":"Comida para llevar, producto local - Mauxka Jatetxea - O\u00f1ati","description":"La mayor\u00eda de nuestros platos son cercanos, de temporada y hechos de manera responsable. Siendo la materia prima estacional y ecol\u00f3gica.","robots":{"index":"index","follow":"follow","max-snippet":"max-snippet:-1","max-image-preview":"max-image-preview:large","max-video-preview":"max-video-preview:-1"},"canonical":"https:\/\/mauxka.eus\/es\/comida-para-llevar-onati\/","og_locale":"es_ES","og_type":"article","og_title":"Comida para llevar, producto local - Mauxka Jatetxea - O\u00f1ati","og_description":"La mayor\u00eda de nuestros platos son cercanos, de temporada y hechos de manera responsable. Siendo la materia prima estacional y ecol\u00f3gica.","og_url":"https:\/\/mauxka.eus\/es\/comida-para-llevar-onati\/","og_site_name":"Mauxka Jatetxea","article_modified_time":"2026-01-23T12:39:17+00:00","og_image":[{"width":1080,"height":1080,"url":"https:\/\/mauxka.eus\/wp-content\/uploads\/2023\/06\/eramateko-imagen.jpg","type":"image\/jpeg"}],"twitter_card":"summary_large_image","twitter_misc":{"Tiempo de lectura":"1 minuto"},"schema":{"@context":"https:\/\/schema.org","@graph":[{"@type":"WebPage","@id":"https:\/\/mauxka.eus\/es\/comida-para-llevar-onati\/","url":"https:\/\/mauxka.eus\/es\/comida-para-llevar-onati\/","name":"Comida para llevar, producto local - Mauxka Jatetxea - O\u00f1ati","isPartOf":{"@id":"https:\/\/mauxka.eus\/es\/#website"},"primaryImageOfPage":{"@id":"https:\/\/mauxka.eus\/es\/comida-para-llevar-onati\/#primaryimage"},"image":{"@id":"https:\/\/mauxka.eus\/es\/comida-para-llevar-onati\/#primaryimage"},"thumbnailUrl":"https:\/\/mauxka.eus\/wp-content\/uploads\/2023\/06\/eramateko-imagen.jpg","datePublished":"2023-04-18T12:11:21+00:00","dateModified":"2026-01-23T12:39:17+00:00","description":"La mayor\u00eda de nuestros platos son cercanos, de temporada y hechos de manera responsable. Siendo la materia prima estacional y ecol\u00f3gica.","breadcrumb":{"@id":"https:\/\/mauxka.eus\/es\/comida-para-llevar-onati\/#breadcrumb"},"inLanguage":"es","potentialAction":[{"@type":"ReadAction","target":["https:\/\/mauxka.eus\/es\/comida-para-llevar-onati\/"]}]},{"@type":"ImageObject","inLanguage":"es","@id":"https:\/\/mauxka.eus\/es\/comida-para-llevar-onati\/#primaryimage","url":"https:\/\/mauxka.eus\/wp-content\/uploads\/2023\/06\/eramateko-imagen.jpg","contentUrl":"https:\/\/mauxka.eus\/wp-content\/uploads\/2023\/06\/eramateko-imagen.jpg","width":1080,"height":1080},{"@type":"BreadcrumbList","@id":"https:\/\/mauxka.eus\/es\/comida-para-llevar-onati\/#breadcrumb","itemListElement":[{"@type":"ListItem","position":1,"name":"Home","item":"https:\/\/mauxka.eus\/es\/"},{"@type":"ListItem","position":2,"name":"Para llevar"}]},{"@type":"WebSite","@id":"https:\/\/mauxka.eus\/es\/#website","url":"https:\/\/mauxka.eus\/es\/","name":"Mauxka Jatetxea","description":"","publisher":{"@id":"https:\/\/mauxka.eus\/es\/#organization"},"potentialAction":[{"@type":"SearchAction","target":{"@type":"EntryPoint","urlTemplate":"https:\/\/mauxka.eus\/es\/?s={search_term_string}"},"query-input":{"@type":"PropertyValueSpecification","valueRequired":true,"valueName":"search_term_string"}}],"inLanguage":"es"},{"@type":"Organization","@id":"https:\/\/mauxka.eus\/es\/#organization","name":"Mauxka Jatetxea","url":"https:\/\/mauxka.eus\/es\/","logo":{"@type":"ImageObject","inLanguage":"es","@id":"https:\/\/mauxka.eus\/es\/#\/schema\/logo\/image\/","url":"https:\/\/mauxka.eus\/wp-content\/uploads\/2023\/04\/mauxka-logoa_osoa.png","contentUrl":"https:\/\/mauxka.eus\/wp-content\/uploads\/2023\/04\/mauxka-logoa_osoa.png","width":502,"height":306,"caption":"Mauxka Jatetxea"},"image":{"@id":"https:\/\/mauxka.eus\/es\/#\/schema\/logo\/image\/"}}]}},"_links":{"self":[{"href":"https:\/\/mauxka.eus\/es\/wp-json\/wp\/v2\/pages\/286","targetHints":{"allow":["GET"]}}],"collection":[{"href":"https:\/\/mauxka.eus\/es\/wp-json\/wp\/v2\/pages"}],"about":[{"href":"https:\/\/mauxka.eus\/es\/wp-json\/wp\/v2\/types\/page"}],"author":[{"embeddable":true,"href":"https:\/\/mauxka.eus\/es\/wp-json\/wp\/v2\/users\/1"}],"replies":[{"embeddable":true,"href":"https:\/\/mauxka.eus\/es\/wp-json\/wp\/v2\/comments?post=286"}],"version-history":[{"count":25,"href":"https:\/\/mauxka.eus\/es\/wp-json\/wp\/v2\/pages\/286\/revisions"}],"predecessor-version":[{"id":1333,"href":"https:\/\/mauxka.eus\/es\/wp-json\/wp\/v2\/pages\/286\/revisions\/1333"}],"wp:featuredmedia":[{"embeddable":true,"href":"https:\/\/mauxka.eus\/es\/wp-json\/wp\/v2\/media\/316"}],"wp:attachment":[{"href":"https:\/\/mauxka.eus\/es\/wp-json\/wp\/v2\/media?parent=286"}],"curies":[{"name":"wp","href":"https:\/\/api.w.org\/{rel}","templated":true}]}}